{"id":7097,"date":"2024-06-24T15:13:57","date_gmt":"2024-06-24T15:13:57","guid":{"rendered":"https:\/\/econtainers.co\/shop\/?post_type=product&#038;p=7097"},"modified":"2024-07-04T21:55:46","modified_gmt":"2024-07-04T21:55:46","slug":"oficina-sencilla-40-pies","status":"publish","type":"product","link":"https:\/\/us.econtainers.co\/shop\/product\/oficina-sencilla-40-pies\/","title":{"rendered":"Oficina Sencilla 40 pies"},"content":{"rendered":"<p>Nuestras oficinas en contenedores de 40 pies ofrecen un espacio de trabajo funcional y vers\u00e1til para diversas necesidades empresariales. Equipadas con instalaciones el\u00e9ctricas, iluminaci\u00f3n eficiente y acabados duraderos, estas oficinas son ideales para proyectos temporales o permanentes. Su dise\u00f1o modular permite una f\u00e1cil adaptaci\u00f3n y ampliaci\u00f3n seg\u00fan los requerimientos espec\u00edficos de cada cliente, garantizando eficiencia y comodidad en cualquier entorno.<\/p>\n<p><strong>Dimensiones<\/strong><\/p>\n<table class=\"table-dimensiones\">\n<tbody>\n<tr>\n<th><\/th>\n<th>Tama\u00f1o<\/th>\n<\/tr>\n<tr>\n<td class=\"tl\"><b>Largo<\/b><\/td>\n<td>12.190 mts<\/td>\n<\/tr>\n<tr>\n<td class=\"tl\"><b>Ancho<\/b><\/td>\n<td>2.43 mts<\/td>\n<\/tr>\n<tr>\n<td class=\"tl\"><b>Alto<\/b><\/td>\n<td>2.59 mts<\/td>\n<\/tr>\n<\/tbody>\n<\/table>\n","protected":false},"excerpt":{"rendered":"<p>Nuestras oficinas en contenedores de 40 pies ofrecen un espacio de trabajo funcional y vers\u00e1til para diversas necesidades empresariales. Equipadas con instalaciones el\u00e9ctricas, iluminaci\u00f3n eficiente y acabados duraderos, estas oficinas son ideales para proyectos temporales o permanentes. Su dise\u00f1o modular permite una f\u00e1cil adaptaci\u00f3n y ampliaci\u00f3n seg\u00fan los requerimientos espec\u00edficos de cada cliente, garantizando eficiencia [&hellip;]<\/p>\n","protected":false},"featured_media":7099,"comment_status":"open","ping_status":"closed","template":"","meta":[],"product_cat":[537,87,548,63,526,90,532,577,79,528],"product_tag":[],"yoast_head":"<!-- This site is optimized with the Yoast SEO plugin v21.0 - https:\/\/yoast.com\/wordpress\/plugins\/seo\/ -->\n<title>Oficina Sencilla en Contenedor | 40 Pies | Alquiler y Venta<\/title>\n<meta name=\"description\" content=\"Descubre nuestras oficinas en contenedores de 40 pies, perfectas para proyectos empresariales que requieren flexibilidad y eficiencia. Equipadas con todas las comodidades necesarias y dise\u00f1adas para adaptarse a diversas necesidades, nuestras soluciones modulares ofrecen la soluci\u00f3n ideal para tus espacios de trabajo.\" \/>\n<meta name=\"robots\" content=\"index, follow, max-snippet:-1, max-image-preview:large, max-video-preview:-1\" \/>\n<link rel=\"canonical\" href=\"https:\/\/econtainers.co\/shop\/product\/oficina-sencilla-40-pies\/\" \/>\n<meta property=\"og:locale\" content=\"es_ES\" \/>\n<meta property=\"og:type\" content=\"article\" \/>\n<meta property=\"og:title\" content=\"Oficina Sencilla en Contenedor | 40 Pies | Alquiler y Venta\" \/>\n<meta property=\"og:description\" content=\"Descubre nuestras oficinas en contenedores de 40 pies, perfectas para proyectos empresariales que requieren flexibilidad y eficiencia. Equipadas con todas las comodidades necesarias y dise\u00f1adas para adaptarse a diversas necesidades, nuestras soluciones modulares ofrecen la soluci\u00f3n ideal para tus espacios de trabajo.\" \/>\n<meta property=\"og:url\" content=\"https:\/\/econtainers.co\/shop\/product\/oficina-sencilla-40-pies\/\" \/>\n<meta property=\"og:site_name\" content=\"E-containers\" \/>\n<meta property=\"article:modified_time\" content=\"2024-07-04T21:55:46+00:00\" \/>\n<meta property=\"og:image\" content=\"https:\/\/econtainers.co\/shop\/wp-content\/uploads\/2024\/06\/Sala-de-ventas-40-sencilla-1-1024x768.png\" \/>\n\t<meta property=\"og:image:width\" content=\"1024\" \/>\n\t<meta property=\"og:image:height\" content=\"768\" \/>\n\t<meta property=\"og:image:type\" content=\"image\/png\" \/>\n<meta name=\"twitter:card\" content=\"summary_large_image\" \/>\n<meta name=\"twitter:label1\" content=\"Tiempo estimado de lectura\" \/>\n\t<meta name=\"twitter:data1\" content=\"1 minuto\" \/>\n<script type=\"application\/ld+json\" class=\"yoast-schema-graph\">{\"@context\":\"https:\/\/schema.org\",\"@graph\":[{\"@type\":\"WebPage\",\"@id\":\"https:\/\/econtainers.co\/shop\/product\/oficina-sencilla-40-pies\/\",\"url\":\"https:\/\/econtainers.co\/shop\/product\/oficina-sencilla-40-pies\/\",\"name\":\"Oficina Sencilla en Contenedor | 40 Pies | Alquiler y Venta\",\"isPartOf\":{\"@id\":\"https:\/\/econtainers.co\/shop\/#website\"},\"datePublished\":\"2024-06-24T15:13:57+00:00\",\"dateModified\":\"2024-07-04T21:55:46+00:00\",\"description\":\"Descubre nuestras oficinas en contenedores de 40 pies, perfectas para proyectos empresariales que requieren flexibilidad y eficiencia. Equipadas con todas las comodidades necesarias y dise\u00f1adas para adaptarse a diversas necesidades, nuestras soluciones modulares ofrecen la soluci\u00f3n ideal para tus espacios de trabajo.\",\"breadcrumb\":{\"@id\":\"https:\/\/econtainers.co\/shop\/product\/oficina-sencilla-40-pies\/#breadcrumb\"},\"inLanguage\":\"es-CO\",\"potentialAction\":[{\"@type\":\"ReadAction\",\"target\":[\"https:\/\/econtainers.co\/shop\/product\/oficina-sencilla-40-pies\/\"]}]},{\"@type\":\"BreadcrumbList\",\"@id\":\"https:\/\/econtainers.co\/shop\/product\/oficina-sencilla-40-pies\/#breadcrumb\",\"itemListElement\":[{\"@type\":\"ListItem\",\"position\":1,\"name\":\"Shop\",\"item\":\"https:\/\/econtainers.co\/shop\/\"},{\"@type\":\"ListItem\",\"position\":2,\"name\":\"Oficina Sencilla 40 pies\"}]},{\"@type\":\"WebSite\",\"@id\":\"https:\/\/econtainers.co\/shop\/#website\",\"url\":\"https:\/\/econtainers.co\/shop\/\",\"name\":\"E-containers\",\"description\":\"Alquiler y venta de contenedores mar\u00edtimos, refrigerados y especializados\",\"publisher\":{\"@id\":\"https:\/\/econtainers.co\/shop\/#organization\"},\"potentialAction\":[{\"@type\":\"SearchAction\",\"target\":{\"@type\":\"EntryPoint\",\"urlTemplate\":\"https:\/\/econtainers.co\/shop\/?s={search_term_string}\"},\"query-input\":\"required name=search_term_string\"}],\"inLanguage\":\"es-CO\"},{\"@type\":\"Organization\",\"@id\":\"https:\/\/econtainers.co\/shop\/#organization\",\"name\":\"E-containers\",\"url\":\"https:\/\/econtainers.co\/shop\/\",\"logo\":{\"@type\":\"ImageObject\",\"inLanguage\":\"es-CO\",\"@id\":\"https:\/\/econtainers.co\/shop\/#\/schema\/logo\/image\/\",\"url\":\"https:\/\/us.econtainers.co\/shop\/wp-content\/uploads\/2021\/11\/cropped-favicon-32x32-1.png\",\"contentUrl\":\"https:\/\/us.econtainers.co\/shop\/wp-content\/uploads\/2021\/11\/cropped-favicon-32x32-1.png\",\"width\":32,\"height\":32,\"caption\":\"E-containers\"},\"image\":{\"@id\":\"https:\/\/econtainers.co\/shop\/#\/schema\/logo\/image\/\"},\"sameAs\":[\"https:\/\/www.instagram.com\/econtainers\/\"]}]}<\/script>\n<!-- \/ Yoast SEO plugin. -->","yoast_head_json":{"title":"Oficina Sencilla en Contenedor | 40 Pies | Alquiler y Venta","description":"Descubre nuestras oficinas en contenedores de 40 pies, perfectas para proyectos empresariales que requieren flexibilidad y eficiencia. Equipadas con todas las comodidades necesarias y dise\u00f1adas para adaptarse a diversas necesidades, nuestras soluciones modulares ofrecen la soluci\u00f3n ideal para tus espacios de trabajo.","robots":{"index":"index","follow":"follow","max-snippet":"max-snippet:-1","max-image-preview":"max-image-preview:large","max-video-preview":"max-video-preview:-1"},"canonical":"https:\/\/econtainers.co\/shop\/product\/oficina-sencilla-40-pies\/","og_locale":"es_ES","og_type":"article","og_title":"Oficina Sencilla en Contenedor | 40 Pies | Alquiler y Venta","og_description":"Descubre nuestras oficinas en contenedores de 40 pies, perfectas para proyectos empresariales que requieren flexibilidad y eficiencia. Equipadas con todas las comodidades necesarias y dise\u00f1adas para adaptarse a diversas necesidades, nuestras soluciones modulares ofrecen la soluci\u00f3n ideal para tus espacios de trabajo.","og_url":"https:\/\/econtainers.co\/shop\/product\/oficina-sencilla-40-pies\/","og_site_name":"E-containers","article_modified_time":"2024-07-04T21:55:46+00:00","og_image":[{"width":1024,"height":768,"url":"https:\/\/econtainers.co\/shop\/wp-content\/uploads\/2024\/06\/Sala-de-ventas-40-sencilla-1-1024x768.png","type":"image\/png"}],"twitter_card":"summary_large_image","twitter_misc":{"Tiempo estimado de lectura":"1 minuto"},"schema":{"@context":"https:\/\/schema.org","@graph":[{"@type":"WebPage","@id":"https:\/\/econtainers.co\/shop\/product\/oficina-sencilla-40-pies\/","url":"https:\/\/econtainers.co\/shop\/product\/oficina-sencilla-40-pies\/","name":"Oficina Sencilla en Contenedor | 40 Pies | Alquiler y Venta","isPartOf":{"@id":"https:\/\/econtainers.co\/shop\/#website"},"datePublished":"2024-06-24T15:13:57+00:00","dateModified":"2024-07-04T21:55:46+00:00","description":"Descubre nuestras oficinas en contenedores de 40 pies, perfectas para proyectos empresariales que requieren flexibilidad y eficiencia. Equipadas con todas las comodidades necesarias y dise\u00f1adas para adaptarse a diversas necesidades, nuestras soluciones modulares ofrecen la soluci\u00f3n ideal para tus espacios de trabajo.","breadcrumb":{"@id":"https:\/\/econtainers.co\/shop\/product\/oficina-sencilla-40-pies\/#breadcrumb"},"inLanguage":"es-CO","potentialAction":[{"@type":"ReadAction","target":["https:\/\/econtainers.co\/shop\/product\/oficina-sencilla-40-pies\/"]}]},{"@type":"BreadcrumbList","@id":"https:\/\/econtainers.co\/shop\/product\/oficina-sencilla-40-pies\/#breadcrumb","itemListElement":[{"@type":"ListItem","position":1,"name":"Shop","item":"https:\/\/econtainers.co\/shop\/"},{"@type":"ListItem","position":2,"name":"Oficina Sencilla 40 pies"}]},{"@type":"WebSite","@id":"https:\/\/econtainers.co\/shop\/#website","url":"https:\/\/econtainers.co\/shop\/","name":"E-containers","description":"Alquiler y venta de contenedores mar\u00edtimos, refrigerados y especializados","publisher":{"@id":"https:\/\/econtainers.co\/shop\/#organization"},"potentialAction":[{"@type":"SearchAction","target":{"@type":"EntryPoint","urlTemplate":"https:\/\/econtainers.co\/shop\/?s={search_term_string}"},"query-input":"required name=search_term_string"}],"inLanguage":"es-CO"},{"@type":"Organization","@id":"https:\/\/econtainers.co\/shop\/#organization","name":"E-containers","url":"https:\/\/econtainers.co\/shop\/","logo":{"@type":"ImageObject","inLanguage":"es-CO","@id":"https:\/\/econtainers.co\/shop\/#\/schema\/logo\/image\/","url":"https:\/\/us.econtainers.co\/shop\/wp-content\/uploads\/2021\/11\/cropped-favicon-32x32-1.png","contentUrl":"https:\/\/us.econtainers.co\/shop\/wp-content\/uploads\/2021\/11\/cropped-favicon-32x32-1.png","width":32,"height":32,"caption":"E-containers"},"image":{"@id":"https:\/\/econtainers.co\/shop\/#\/schema\/logo\/image\/"},"sameAs":["https:\/\/www.instagram.com\/econtainers\/"]}]}},"_links":{"self":[{"href":"https:\/\/us.econtainers.co\/shop\/wp-json\/wp\/v2\/product\/7097"}],"collection":[{"href":"https:\/\/us.econtainers.co\/shop\/wp-json\/wp\/v2\/product"}],"about":[{"href":"https:\/\/us.econtainers.co\/shop\/wp-json\/wp\/v2\/types\/product"}],"replies":[{"embeddable":true,"href":"https:\/\/us.econtainers.co\/shop\/wp-json\/wp\/v2\/comments?post=7097"}],"version-history":[{"count":1,"href":"https:\/\/us.econtainers.co\/shop\/wp-json\/wp\/v2\/product\/7097\/revisions"}],"predecessor-version":[{"id":7098,"href":"https:\/\/us.econtainers.co\/shop\/wp-json\/wp\/v2\/product\/7097\/revisions\/7098"}],"wp:featuredmedia":[{"embeddable":true,"href":"https:\/\/us.econtainers.co\/shop\/wp-json\/wp\/v2\/media\/7099"}],"wp:attachment":[{"href":"https:\/\/us.econtainers.co\/shop\/wp-json\/wp\/v2\/media?parent=7097"}],"wp:term":[{"taxonomy":"product_cat","embeddable":true,"href":"https:\/\/us.econtainers.co\/shop\/wp-json\/wp\/v2\/product_cat?post=7097"},{"taxonomy":"product_tag","embeddable":true,"href":"https:\/\/us.econtainers.co\/shop\/wp-json\/wp\/v2\/product_tag?post=7097"}],"curies":[{"name":"wp","href":"https:\/\/api.w.org\/{rel}","templated":true}]}}